{"id":41,"date":"2024-01-13T21:24:15","date_gmt":"2024-01-13T20:24:15","guid":{"rendered":"https:\/\/klippenbremnes.no\/?page_id=41"},"modified":"2025-03-17T13:32:40","modified_gmt":"2025-03-17T12:32:40","slug":"kontakt","status":"publish","type":"page","link":"https:\/\/klippenbremnes.no\/?page_id=41","title":{"rendered":"Kontakt"},"content":{"rendered":"\n<h2 class=\"wp-block-heading has-medium-font-size\"><strong>Leiarr\u00e5det:<\/strong><br><\/h2>\n\n\n\n<p class=\"has-medium-font-size\">Styrets leder: Odd Tore S\u00f8nstab\u00f8 Telf: 40401151<\/p>\n\n\n\n<p class=\"has-medium-font-size\">Styre medlem: Vivian Aga<\/p>\n\n\n\n<p class=\"has-medium-font-size\">Styre medlem: Lidveig S\u00f8nstab\u00f8, kontakt ved utleige Telf: 92426451<\/p>\n\n\n\n<p class=\"has-medium-font-size\">Kasserer: Judit Hovland<\/p>\n\n\n\n<p class=\"has-medium-font-size\">Klippen epost adresse: <a href=\"mailto:bremnes-klippen@outlook.com\"><strong>bremnes-klippen@outlook.com<\/strong><\/a><\/p>\n\n\n\n<p class=\"has-medium-font-size\">Ein kan kontakte oss p\u00e5 telefon eller epost.<\/p>\n","protected":false},"excerpt":{"rendered":"<p>Leiarr\u00e5det: Styrets leder: Odd Tore S\u00f8nstab\u00f8 Telf: 40401151 Styre medlem: Vivian Aga Styre medlem: Lidveig S\u00f8nstab\u00f8, kontakt ved utleige Telf: 92426451 Kasserer: Judit Hovland Klippen epost adresse: bremnes-klippen@outlook.com Ein kan kontakte oss p\u00e5 telefon eller epost.<\/p>\n","protected":false},"author":1,"featured_media":0,"parent":0,"menu_order":0,"comment_status":"closed","ping_status":"closed","template":"","meta":{"footnotes":""},"class_list":["post-41","page","type-page","status-publish","hentry","eq-blocks"],"_links":{"self":[{"href":"https:\/\/klippenbremnes.no\/index.php?rest_route=\/wp\/v2\/pages\/41","targetHints":{"allow":["GET"]}}],"collection":[{"href":"https:\/\/klippenbremnes.no\/index.php?rest_route=\/wp\/v2\/pages"}],"about":[{"href":"https:\/\/klippenbremnes.no\/index.php?rest_route=\/wp\/v2\/types\/page"}],"author":[{"embeddable":true,"href":"https:\/\/klippenbremnes.no\/index.php?rest_route=\/wp\/v2\/users\/1"}],"replies":[{"embeddable":true,"href":"https:\/\/klippenbremnes.no\/index.php?rest_route=%2Fwp%2Fv2%2Fcomments&post=41"}],"version-history":[{"count":6,"href":"https:\/\/klippenbremnes.no\/index.php?rest_route=\/wp\/v2\/pages\/41\/revisions"}],"predecessor-version":[{"id":391,"href":"https:\/\/klippenbremnes.no\/index.php?rest_route=\/wp\/v2\/pages\/41\/revisions\/391"}],"wp:attachment":[{"href":"https:\/\/klippenbremnes.no\/index.php?rest_route=%2Fwp%2Fv2%2Fmedia&parent=41"}],"curies":[{"name":"wp","href":"https:\/\/api.w.org\/{rel}","templated":true}]}}