{"id":39,"date":"2024-01-13T21:24:15","date_gmt":"2024-01-13T20:24:15","guid":{"rendered":"https:\/\/klippenbremnes.no\/?page_id=39"},"modified":"2025-10-19T19:01:38","modified_gmt":"2025-10-19T17:01:38","slug":"om-oss","status":"publish","type":"page","link":"https:\/\/klippenbremnes.no\/?page_id=39","title":{"rendered":"Om oss"},"content":{"rendered":"\n<p><strong>Pinsemenighenten Klippen<\/strong> er ein familie menighet med fokus p\u00e5 \u00e5 gjere Jesus kjent for barn og voksne.             Vi har ukentlige b\u00f8nnem\u00f8ter p\u00e5 Torsdagen og Gudstjeneste annenhver S\u00f8ndag.                                       Vi har aktiviteter for barn som Jum 1-4 kl, Bibel Tweens 4-7 kl og Jumklubb 4-7 kl, dette er eit av v\u00e5re satsnings omr\u00e5der, sj\u00e5 kalender for aktiviteter under Arrangement.<\/p>\n\n\n\n<p><\/p>\n","protected":false},"excerpt":{"rendered":"<p>Pinsemenighenten Klippen er ein familie menighet med fokus p\u00e5 \u00e5 gjere Jesus kjent for barn og voksne. Vi har ukentlige b\u00f8nnem\u00f8ter p\u00e5 Torsdagen og Gudstjeneste annenhver S\u00f8ndag. Vi har aktiviteter for barn som Jum 1-4 kl, Bibel Tweens 4-7 kl og Jumklubb 4-7 kl, dette er eit av v\u00e5re satsnings omr\u00e5der, sj\u00e5 kalender for aktiviteter [&hellip;]<\/p>\n","protected":false},"author":1,"featured_media":0,"parent":0,"menu_order":0,"comment_status":"closed","ping_status":"closed","template":"","meta":{"footnotes":""},"class_list":["post-39","page","type-page","status-publish","hentry","eq-blocks"],"_links":{"self":[{"href":"https:\/\/klippenbremnes.no\/index.php?rest_route=\/wp\/v2\/pages\/39","targetHints":{"allow":["GET"]}}],"collection":[{"href":"https:\/\/klippenbremnes.no\/index.php?rest_route=\/wp\/v2\/pages"}],"about":[{"href":"https:\/\/klippenbremnes.no\/index.php?rest_route=\/wp\/v2\/types\/page"}],"author":[{"embeddable":true,"href":"https:\/\/klippenbremnes.no\/index.php?rest_route=\/wp\/v2\/users\/1"}],"replies":[{"embeddable":true,"href":"https:\/\/klippenbremnes.no\/index.php?rest_route=%2Fwp%2Fv2%2Fcomments&post=39"}],"version-history":[{"count":5,"href":"https:\/\/klippenbremnes.no\/index.php?rest_route=\/wp\/v2\/pages\/39\/revisions"}],"predecessor-version":[{"id":463,"href":"https:\/\/klippenbremnes.no\/index.php?rest_route=\/wp\/v2\/pages\/39\/revisions\/463"}],"wp:attachment":[{"href":"https:\/\/klippenbremnes.no\/index.php?rest_route=%2Fwp%2Fv2%2Fmedia&parent=39"}],"curies":[{"name":"wp","href":"https:\/\/api.w.org\/{rel}","templated":true}]}}